{"id":1221,"date":"2023-08-23T18:53:33","date_gmt":"2023-08-23T18:53:33","guid":{"rendered":"https:\/\/gutscheincodesonline.de\/?page_id=1221"},"modified":"2024-07-13T07:06:17","modified_gmt":"2024-07-13T07:06:17","slug":"datenschutzrichtlinie","status":"publish","type":"page","link":"https:\/\/gutscheincodesonline.de\/en\/datenschutzrichtlinie\/","title":{"rendered":"Datenschutzrichtlinie"},"content":{"rendered":"<p>Willkommen bei<strong> gutscheincodesonline.de <\/strong>(<strong>Gutscheincodes Online DE)!<\/strong> Unsere oberste Priorit\u00e4t ist der Schutz Ihrer Privatsph\u00e4re und die Gew\u00e4hrleistung der Sicherheit Ihrer pers\u00f6nlichen Daten. Diese Datenschutzrichtlinie soll klarstellen, wie wir Ihre Daten sammeln, verwenden, weitergeben und sch\u00fctzen, wenn Sie unsere Website (\u201e<strong>Website<\/strong>\u201c) nutzen. Indem Sie die Website nutzen oder darauf zugreifen, stimmen Sie den in dieser Datenschutzrichtlinie beschriebenen Praktiken zu.<\/p>\n\n\n\n<p><strong>Welche Informationen sammeln wir?<\/strong><\/p>\n\n\n\n<ul class=\"wp-block-list\">\n<li><strong>Pers\u00f6nliche Informationen<\/strong><\/li>\n<\/ul>\n\n\n\n<p>Seien Sie versichert, dass wir w\u00e4hrend Ihres Besuchs auf unserer Website keine personenbezogenen Daten (wie Ihren Namen, Ihre Adresse oder Ihre E-Mail-Adresse) sammeln.<\/p>\n\n\n\n<ul class=\"wp-block-list\">\n<li><strong>Nicht personenbezogene Daten<\/strong><\/li>\n<\/ul>\n\n\n\n<p>W\u00e4hrend Sie auf der Website navigieren, erfassen wir m\u00f6glicherweise nicht personenbezogene Daten wie Ihre IP-Adresse, Browsertyp, Betriebssystem, verweisende URLs und Nutzungsmuster. Diese Daten sind von unsch\u00e4tzbarem Wert, da sie uns dabei helfen, unsere Website zu verbessern und Ihnen ein reibungsloseres Benutzererlebnis zu bieten.<\/p>\n\n\n\n<ul class=\"wp-block-list\">\n<li><strong>Wie wir Ihre Daten verwenden<\/strong><\/li>\n<\/ul>\n\n\n\n<p>Die nicht personenbezogenen Daten, die wir sammeln, dienen der Analyse von Trends, der Verwaltung der Website, der Verfolgung von Benutzerbewegungen und der Erfassung demografischer Daten f\u00fcr die Gesamtnutzung. Diese wertvollen Informationen erm\u00f6glichen es uns, unsere Dienste besser an die Bed\u00fcrfnisse unserer Benutzer anzupassen.<\/p>\n\n\n\n<ul class=\"wp-block-list\">\n<li><strong>Cookies und Tracking-Technologien<\/strong><\/li>\n<\/ul>\n\n\n\n<p>Um Ihr Erlebnis zu verbessern, k\u00f6nnen wir Cookies und andere Tracking-Technologien verwenden. Cookies sind kleine Textdateien, die auf Ihrem Ger\u00e4t abgelegt werden und Informationen \u00fcber Ihre Aktivit\u00e4ten auf unserer Website sammeln. Sie k\u00f6nnen Cookies in Ihren Browsereinstellungen deaktivieren, obwohl einige Funktionen der Website ohne diese Cookies m\u00f6glicherweise nicht richtig funktionieren.<\/p>\n\n\n\n<ul class=\"wp-block-list\">\n<li><strong>Links zu Drittanbietern<\/strong><\/li>\n<\/ul>\n\n\n\n<p>Unsere Website kann Links zu Websites von Drittanbietern enthalten. Es ist wichtig zu beachten, dass wir nicht f\u00fcr die Datenschutzrichtlinien oder den Inhalt dieser externen Websites verantwortlich sind. Bevor Sie pers\u00f6nliche Informationen weitergeben, empfehlen wir Ihnen, die Datenschutzrichtlinien dieser Websites zu lesen.<\/p>\n\n\n\n<ul class=\"wp-block-list\">\n<li><strong>Gew\u00e4hrleistung der Datensicherheit<\/strong><\/li>\n<\/ul>\n\n\n\n<p>Wir setzen uns f\u00fcr die Sicherheit Ihrer Daten ein und haben geeignete physische, elektronische und administrative Protokolle eingerichtet, um die von uns gesammelten Informationen zu sch\u00fctzen.<\/p>\n\n\n\n<ul class=\"wp-block-list\">\n<li><strong>\u00c4nderungen dieser Datenschutzrichtlinie<\/strong><\/li>\n<\/ul>\n\n\n\n<p>Wir behalten uns das Recht vor, diese Datenschutzrichtlinie bei Bedarf\/Anforderung zu \u00e4ndern. Alle \u00c4nderungen werden sofort nach Ver\u00f6ffentlichung der aktualisierten Datenschutzrichtlinie auf der Website wirksam. Es ist ratsam, diese Richtlinie regelm\u00e4\u00dfig zu \u00fcberpr\u00fcfen, um m\u00f6gliche Aktualisierungen zu erkennen.<\/p>\n\n\n\n<ul class=\"wp-block-list\">\n<li><strong>Kontaktieren Sie uns<\/strong><\/li>\n<\/ul>\n\n\n\n<p>Wenn Sie Fragen, Kommentare oder W\u00fcnsche zu dieser Datenschutzrichtlinie haben, z\u00f6gern Sie bitte nicht, uns unter<strong> info@gutscheincodesonline.de <\/strong>zu kontaktieren.<\/p>\n\n\n\n<p>Durch die Interaktion mit unserer Website erkl\u00e4ren Sie sich mit dieser Datenschutzrichtlinie einverstanden. Wenn Sie mit den Bedingungen nicht einverstanden sind, sollten Sie die Website nicht nutzen.<\/p>\n\n\n\n<p>Vielen Dank, dass Sie <strong>gutscheincodesonline.de <\/strong>Ihre Daten anvertrauen. Ihr Vertrauen ist uns alles.<\/p>","protected":false},"excerpt":{"rendered":"<p>Willkommen bei gutscheincodesonline.de (Gutscheincodes Online DE)! Unsere oberste Priorit\u00e4t ist der Schutz Ihrer Privatsph\u00e4re und die Gew\u00e4hrleistung der Sicherheit Ihrer pers\u00f6nlichen Daten. Diese Datenschutzrichtlinie soll klarstellen, wie wir Ihre Daten sammeln, verwenden, weitergeben und sch\u00fctzen, wenn Sie unsere Website (\u201eWebsite\u201c) nutzen. Indem Sie die Website nutzen oder darauf zugreifen, stimmen Sie den in dieser Datenschutzrichtlinie&#8230;<\/p>","protected":false},"author":6,"featured_media":0,"parent":0,"menu_order":0,"comment_status":"closed","ping_status":"closed","template":"","meta":{"_acf_changed":false,"footnotes":""},"class_list":["post-1221","page","type-page","status-publish","hentry"],"acf":[],"yoast_head":"<!-- This site is optimized with the Yoast SEO plugin v26.3 - https:\/\/yoast.com\/wordpress\/plugins\/seo\/ -->\n<title>Datenschutzrichtlinie || Pers\u00f6nliche Informationen |<\/title>\n<meta name=\"description\" content=\"Datenschutzrichtlinie || Nicht personenbezogene Daten || Links zu Drittanbietern || Kontaktieren Sie uns | Gew\u00e4hrleistung der Datensicherheit\" \/>\n<meta name=\"robots\" content=\"index, follow, max-snippet:-1, max-image-preview:large, max-video-preview:-1\" \/>\n<link rel=\"canonical\" href=\"https:\/\/gutscheincodesonline.de\/en\/datenschutzrichtlinie\/\" \/>\n<meta property=\"og:locale\" content=\"en_US\" \/>\n<meta property=\"og:type\" content=\"article\" \/>\n<meta property=\"og:title\" content=\"Datenschutzrichtlinie || Pers\u00f6nliche Informationen |\" \/>\n<meta property=\"og:description\" content=\"Datenschutzrichtlinie || Nicht personenbezogene Daten || Links zu Drittanbietern || Kontaktieren Sie uns | Gew\u00e4hrleistung der Datensicherheit\" \/>\n<meta property=\"og:url\" content=\"https:\/\/gutscheincodesonline.de\/en\/datenschutzrichtlinie\/\" \/>\n<meta property=\"og:site_name\" content=\"Gutschein Code\" \/>\n<meta property=\"article:modified_time\" content=\"2024-07-13T07:06:17+00:00\" \/>\n<meta name=\"twitter:card\" content=\"summary_large_image\" \/>\n<meta name=\"twitter:label1\" content=\"Est. reading time\" \/>\n\t<meta name=\"twitter:data1\" content=\"2 minutes\" \/>\n<script type=\"application\/ld+json\" class=\"yoast-schema-graph\">{\"@context\":\"https:\/\/schema.org\",\"@graph\":[{\"@type\":\"WebPage\",\"@id\":\"https:\/\/gutscheincodesonline.de\/datenschutzrichtlinie\/\",\"url\":\"https:\/\/gutscheincodesonline.de\/datenschutzrichtlinie\/\",\"name\":\"Datenschutzrichtlinie || Pers\u00f6nliche Informationen |\",\"isPartOf\":{\"@id\":\"https:\/\/gutscheincodesonline.de\/#website\"},\"datePublished\":\"2023-08-23T18:53:33+00:00\",\"dateModified\":\"2024-07-13T07:06:17+00:00\",\"description\":\"Datenschutzrichtlinie || Nicht personenbezogene Daten || Links zu Drittanbietern || Kontaktieren Sie uns | Gew\u00e4hrleistung der Datensicherheit\",\"breadcrumb\":{\"@id\":\"https:\/\/gutscheincodesonline.de\/datenschutzrichtlinie\/#breadcrumb\"},\"inLanguage\":\"en-US\",\"potentialAction\":[{\"@type\":\"ReadAction\",\"target\":[\"https:\/\/gutscheincodesonline.de\/datenschutzrichtlinie\/\"]}]},{\"@type\":\"BreadcrumbList\",\"@id\":\"https:\/\/gutscheincodesonline.de\/datenschutzrichtlinie\/#breadcrumb\",\"itemListElement\":[{\"@type\":\"ListItem\",\"position\":1,\"name\":\"Home\",\"item\":\"https:\/\/gutscheincodesonline.de\/\"},{\"@type\":\"ListItem\",\"position\":2,\"name\":\"Datenschutzrichtlinie\"}]},{\"@type\":\"WebSite\",\"@id\":\"https:\/\/gutscheincodesonline.de\/#website\",\"url\":\"https:\/\/gutscheincodesonline.de\/\",\"name\":\"Gutschein Code\",\"description\":\"Online\",\"publisher\":{\"@id\":\"https:\/\/gutscheincodesonline.de\/#organization\"},\"potentialAction\":[{\"@type\":\"SearchAction\",\"target\":{\"@type\":\"EntryPoint\",\"urlTemplate\":\"https:\/\/gutscheincodesonline.de\/?s={search_term_string}\"},\"query-input\":{\"@type\":\"PropertyValueSpecification\",\"valueRequired\":true,\"valueName\":\"search_term_string\"}}],\"inLanguage\":\"en-US\"},{\"@type\":\"Organization\",\"@id\":\"https:\/\/gutscheincodesonline.de\/#organization\",\"name\":\"Gutschein Code\",\"url\":\"https:\/\/gutscheincodesonline.de\/\",\"logo\":{\"@type\":\"ImageObject\",\"inLanguage\":\"en-US\",\"@id\":\"https:\/\/gutscheincodesonline.de\/#\/schema\/logo\/image\/\",\"url\":\"https:\/\/gutscheincodesonline.de\/wp-content\/uploads\/2024\/04\/lgog_6-removebg-preview.png\",\"contentUrl\":\"https:\/\/gutscheincodesonline.de\/wp-content\/uploads\/2024\/04\/lgog_6-removebg-preview.png\",\"width\":725,\"height\":189,\"caption\":\"Gutschein Code\"},\"image\":{\"@id\":\"https:\/\/gutscheincodesonline.de\/#\/schema\/logo\/image\/\"}}]}<\/script>\n<!-- \/ Yoast SEO plugin. -->","yoast_head_json":{"title":"Datenschutzrichtlinie || Pers\u00f6nliche Informationen |","description":"Datenschutzrichtlinie || Nicht personenbezogene Daten || Links zu Drittanbietern || Kontaktieren Sie uns | Gew\u00e4hrleistung der Datensicherheit","robots":{"index":"index","follow":"follow","max-snippet":"max-snippet:-1","max-image-preview":"max-image-preview:large","max-video-preview":"max-video-preview:-1"},"canonical":"https:\/\/gutscheincodesonline.de\/en\/datenschutzrichtlinie\/","og_locale":"en_US","og_type":"article","og_title":"Datenschutzrichtlinie || Pers\u00f6nliche Informationen |","og_description":"Datenschutzrichtlinie || Nicht personenbezogene Daten || Links zu Drittanbietern || Kontaktieren Sie uns | Gew\u00e4hrleistung der Datensicherheit","og_url":"https:\/\/gutscheincodesonline.de\/en\/datenschutzrichtlinie\/","og_site_name":"Gutschein Code","article_modified_time":"2024-07-13T07:06:17+00:00","twitter_card":"summary_large_image","twitter_misc":{"Est. reading time":"2 minutes"},"schema":{"@context":"https:\/\/schema.org","@graph":[{"@type":"WebPage","@id":"https:\/\/gutscheincodesonline.de\/datenschutzrichtlinie\/","url":"https:\/\/gutscheincodesonline.de\/datenschutzrichtlinie\/","name":"Datenschutzrichtlinie || Pers\u00f6nliche Informationen |","isPartOf":{"@id":"https:\/\/gutscheincodesonline.de\/#website"},"datePublished":"2023-08-23T18:53:33+00:00","dateModified":"2024-07-13T07:06:17+00:00","description":"Datenschutzrichtlinie || Nicht personenbezogene Daten || Links zu Drittanbietern || Kontaktieren Sie uns | Gew\u00e4hrleistung der Datensicherheit","breadcrumb":{"@id":"https:\/\/gutscheincodesonline.de\/datenschutzrichtlinie\/#breadcrumb"},"inLanguage":"en-US","potentialAction":[{"@type":"ReadAction","target":["https:\/\/gutscheincodesonline.de\/datenschutzrichtlinie\/"]}]},{"@type":"BreadcrumbList","@id":"https:\/\/gutscheincodesonline.de\/datenschutzrichtlinie\/#breadcrumb","itemListElement":[{"@type":"ListItem","position":1,"name":"Home","item":"https:\/\/gutscheincodesonline.de\/"},{"@type":"ListItem","position":2,"name":"Datenschutzrichtlinie"}]},{"@type":"WebSite","@id":"https:\/\/gutscheincodesonline.de\/#website","url":"https:\/\/gutscheincodesonline.de\/","name":"Gutschein Code","description":"Online","publisher":{"@id":"https:\/\/gutscheincodesonline.de\/#organization"},"potentialAction":[{"@type":"SearchAction","target":{"@type":"EntryPoint","urlTemplate":"https:\/\/gutscheincodesonline.de\/?s={search_term_string}"},"query-input":{"@type":"PropertyValueSpecification","valueRequired":true,"valueName":"search_term_string"}}],"inLanguage":"en-US"},{"@type":"Organization","@id":"https:\/\/gutscheincodesonline.de\/#organization","name":"Gutschein Code","url":"https:\/\/gutscheincodesonline.de\/","logo":{"@type":"ImageObject","inLanguage":"en-US","@id":"https:\/\/gutscheincodesonline.de\/#\/schema\/logo\/image\/","url":"https:\/\/gutscheincodesonline.de\/wp-content\/uploads\/2024\/04\/lgog_6-removebg-preview.png","contentUrl":"https:\/\/gutscheincodesonline.de\/wp-content\/uploads\/2024\/04\/lgog_6-removebg-preview.png","width":725,"height":189,"caption":"Gutschein Code"},"image":{"@id":"https:\/\/gutscheincodesonline.de\/#\/schema\/logo\/image\/"}}]}},"_links":{"self":[{"href":"https:\/\/gutscheincodesonline.de\/en\/wp-json\/wp\/v2\/pages\/1221","targetHints":{"allow":["GET"]}}],"collection":[{"href":"https:\/\/gutscheincodesonline.de\/en\/wp-json\/wp\/v2\/pages"}],"about":[{"href":"https:\/\/gutscheincodesonline.de\/en\/wp-json\/wp\/v2\/types\/page"}],"author":[{"embeddable":true,"href":"https:\/\/gutscheincodesonline.de\/en\/wp-json\/wp\/v2\/users\/6"}],"replies":[{"embeddable":true,"href":"https:\/\/gutscheincodesonline.de\/en\/wp-json\/wp\/v2\/comments?post=1221"}],"version-history":[{"count":12,"href":"https:\/\/gutscheincodesonline.de\/en\/wp-json\/wp\/v2\/pages\/1221\/revisions"}],"predecessor-version":[{"id":4431,"href":"https:\/\/gutscheincodesonline.de\/en\/wp-json\/wp\/v2\/pages\/1221\/revisions\/4431"}],"wp:attachment":[{"href":"https:\/\/gutscheincodesonline.de\/en\/wp-json\/wp\/v2\/media?parent=1221"}],"curies":[{"name":"wp","href":"https:\/\/api.w.org\/{rel}","templated":true}]}}