{"id":1223,"date":"2023-08-23T18:55:01","date_gmt":"2023-08-23T18:55:01","guid":{"rendered":"https:\/\/gutscheincodesonline.de\/?page_id=1223"},"modified":"2025-05-28T21:26:02","modified_gmt":"2025-05-28T21:26:02","slug":"uber-uns","status":"publish","type":"page","link":"https:\/\/gutscheincodesonline.de\/en\/uber-uns\/","title":{"rendered":"\u00dcber Gutscheincodesonline.de"},"content":{"rendered":"<p>Gutscheincodesonline.de ist eine Online-Website, die Verbrauchern, die bei ihren Eink\u00e4ufen Geld sparen m\u00f6chten, Rabattcodes, Aktionscodes und Coupons anbietet. T\u00e4glich ver\u00f6ffentlichen wir aktualisierte Rabattcodes auf unserer Website. Neben Gutscheinen und Aktionscodes bietet unsere Website auch die besten Informationen \u00fcber die neuesten Angebote und Sonderangebote beliebter Einzelh\u00e4ndler.<\/p>\n\n\n\n<h2 class=\"wp-block-heading\">Haftungsausschluss<\/h2>\n\n\n\n<p>Bitte beachten Sie, dass Gutscheincodesonline.de nicht als Online-Verkaufsplattform fungiert. Wir sind auf die Bereitstellung kostenloser Gutscheine und Rabattcodes spezialisiert, die nur in den entsprechenden Online-Shops eingel\u00f6st werden k\u00f6nnen. Bei Fragen zu Ihren Bestellungen, Reservierungen oder dem Versandstatus wenden Sie sich bitte an den entsprechenden Online-Shop oder Lieferanten. Wenn Sie jedoch Fragen zur ordnungsgem\u00e4\u00dfen Verwendung eines Aktionscodes haben, k\u00f6nnen Sie uns gerne per E-Mail kontaktieren.<\/p>\n\n\n\n<p><strong>\u00dcber das Unternehmen<\/strong><\/p>\n\n\n\n<p><strong>Firmenname:<\/strong> Revx Innovators LTD<br><strong>Firmennummer: <\/strong>15079310<br><strong>Adresse:<\/strong> 148 The Broadway, Southall, England, UB1 1QN, Vereinigtes K\u00f6nigreich<\/p>\n\n\n\n<p><strong>E-Mail:<\/strong> basitaffiliatemarketer@gmail.com<\/p>\n\n\n\n<p><\/p>","protected":false},"excerpt":{"rendered":"<p>Gutscheincodesonline.de ist eine Online-Website, die Verbrauchern, die bei ihren Eink\u00e4ufen Geld sparen m\u00f6chten, Rabattcodes, Aktionscodes und Coupons anbietet. T\u00e4glich ver\u00f6ffentlichen wir aktualisierte Rabattcodes auf unserer Website. Neben Gutscheinen und Aktionscodes bietet unsere Website auch die besten Informationen \u00fcber die neuesten Angebote und Sonderangebote beliebter Einzelh\u00e4ndler. Haftungsausschluss Bitte beachten Sie, dass Gutscheincodesonline.de nicht als Online-Verkaufsplattform fungiert&#8230;.<\/p>","protected":false},"author":6,"featured_media":0,"parent":0,"menu_order":0,"comment_status":"closed","ping_status":"closed","template":"","meta":{"_acf_changed":false,"footnotes":""},"class_list":["post-1223","page","type-page","status-publish","hentry"],"acf":[],"yoast_head":"<!-- This site is optimized with the Yoast SEO plugin v26.3 - https:\/\/yoast.com\/wordpress\/plugins\/seo\/ -->\n<title>\u00dcber uns || gutscheincodesonline.de Rabatt\u2713100% verifiziert\u27132024<\/title>\n<meta name=\"description\" content=\"\u00dcber uns \u2b50 gutscheincodesonline.de Rabatt \u2702 gutscheincodesonline || Kostenloser Versand \u2713 2024 \u2713 Einl\u00f6sbar\u2713 100% verifiziert\" \/>\n<meta name=\"robots\" content=\"index, follow, max-snippet:-1, max-image-preview:large, max-video-preview:-1\" \/>\n<link rel=\"canonical\" href=\"https:\/\/gutscheincodesonline.de\/en\/uber-uns\/\" \/>\n<meta property=\"og:locale\" content=\"en_US\" \/>\n<meta property=\"og:type\" content=\"article\" \/>\n<meta property=\"og:title\" content=\"\u00dcber uns || gutscheincodesonline.de Rabatt\u2713100% verifiziert\u27132024\" \/>\n<meta property=\"og:description\" content=\"\u00dcber uns \u2b50 gutscheincodesonline.de Rabatt \u2702 gutscheincodesonline || Kostenloser Versand \u2713 2024 \u2713 Einl\u00f6sbar\u2713 100% verifiziert\" \/>\n<meta property=\"og:url\" content=\"https:\/\/gutscheincodesonline.de\/en\/uber-uns\/\" \/>\n<meta property=\"og:site_name\" content=\"Gutschein Code\" \/>\n<meta property=\"article:modified_time\" content=\"2025-05-28T21:26:02+00:00\" \/>\n<meta name=\"twitter:card\" content=\"summary_large_image\" \/>\n<meta name=\"twitter:label1\" content=\"Est. reading time\" \/>\n\t<meta name=\"twitter:data1\" content=\"1 minute\" \/>\n<script type=\"application\/ld+json\" class=\"yoast-schema-graph\">{\"@context\":\"https:\/\/schema.org\",\"@graph\":[{\"@type\":\"WebPage\",\"@id\":\"https:\/\/gutscheincodesonline.de\/uber-uns\/\",\"url\":\"https:\/\/gutscheincodesonline.de\/uber-uns\/\",\"name\":\"\u00dcber uns || gutscheincodesonline.de Rabatt\u2713100% verifiziert\u27132024\",\"isPartOf\":{\"@id\":\"https:\/\/gutscheincodesonline.de\/#website\"},\"datePublished\":\"2023-08-23T18:55:01+00:00\",\"dateModified\":\"2025-05-28T21:26:02+00:00\",\"description\":\"\u00dcber uns \u2b50 gutscheincodesonline.de Rabatt \u2702 gutscheincodesonline || Kostenloser Versand \u2713 2024 \u2713 Einl\u00f6sbar\u2713 100% verifiziert\",\"breadcrumb\":{\"@id\":\"https:\/\/gutscheincodesonline.de\/uber-uns\/#breadcrumb\"},\"inLanguage\":\"en-US\",\"potentialAction\":[{\"@type\":\"ReadAction\",\"target\":[\"https:\/\/gutscheincodesonline.de\/uber-uns\/\"]}]},{\"@type\":\"BreadcrumbList\",\"@id\":\"https:\/\/gutscheincodesonline.de\/uber-uns\/#breadcrumb\",\"itemListElement\":[{\"@type\":\"ListItem\",\"position\":1,\"name\":\"Home\",\"item\":\"https:\/\/gutscheincodesonline.de\/\"},{\"@type\":\"ListItem\",\"position\":2,\"name\":\"\u00dcber Gutscheincodesonline.de\"}]},{\"@type\":\"WebSite\",\"@id\":\"https:\/\/gutscheincodesonline.de\/#website\",\"url\":\"https:\/\/gutscheincodesonline.de\/\",\"name\":\"Gutschein Code\",\"description\":\"Online\",\"publisher\":{\"@id\":\"https:\/\/gutscheincodesonline.de\/#organization\"},\"potentialAction\":[{\"@type\":\"SearchAction\",\"target\":{\"@type\":\"EntryPoint\",\"urlTemplate\":\"https:\/\/gutscheincodesonline.de\/?s={search_term_string}\"},\"query-input\":{\"@type\":\"PropertyValueSpecification\",\"valueRequired\":true,\"valueName\":\"search_term_string\"}}],\"inLanguage\":\"en-US\"},{\"@type\":\"Organization\",\"@id\":\"https:\/\/gutscheincodesonline.de\/#organization\",\"name\":\"Gutschein Code\",\"url\":\"https:\/\/gutscheincodesonline.de\/\",\"logo\":{\"@type\":\"ImageObject\",\"inLanguage\":\"en-US\",\"@id\":\"https:\/\/gutscheincodesonline.de\/#\/schema\/logo\/image\/\",\"url\":\"https:\/\/gutscheincodesonline.de\/wp-content\/uploads\/2024\/04\/lgog_6-removebg-preview.png\",\"contentUrl\":\"https:\/\/gutscheincodesonline.de\/wp-content\/uploads\/2024\/04\/lgog_6-removebg-preview.png\",\"width\":725,\"height\":189,\"caption\":\"Gutschein Code\"},\"image\":{\"@id\":\"https:\/\/gutscheincodesonline.de\/#\/schema\/logo\/image\/\"}}]}<\/script>\n<!-- \/ Yoast SEO plugin. -->","yoast_head_json":{"title":"\u00dcber uns || gutscheincodesonline.de Rabatt\u2713100% verifiziert\u27132024","description":"\u00dcber uns \u2b50 gutscheincodesonline.de Rabatt \u2702 gutscheincodesonline || Kostenloser Versand \u2713 2024 \u2713 Einl\u00f6sbar\u2713 100% verifiziert","robots":{"index":"index","follow":"follow","max-snippet":"max-snippet:-1","max-image-preview":"max-image-preview:large","max-video-preview":"max-video-preview:-1"},"canonical":"https:\/\/gutscheincodesonline.de\/en\/uber-uns\/","og_locale":"en_US","og_type":"article","og_title":"\u00dcber uns || gutscheincodesonline.de Rabatt\u2713100% verifiziert\u27132024","og_description":"\u00dcber uns \u2b50 gutscheincodesonline.de Rabatt \u2702 gutscheincodesonline || Kostenloser Versand \u2713 2024 \u2713 Einl\u00f6sbar\u2713 100% verifiziert","og_url":"https:\/\/gutscheincodesonline.de\/en\/uber-uns\/","og_site_name":"Gutschein Code","article_modified_time":"2025-05-28T21:26:02+00:00","twitter_card":"summary_large_image","twitter_misc":{"Est. reading time":"1 minute"},"schema":{"@context":"https:\/\/schema.org","@graph":[{"@type":"WebPage","@id":"https:\/\/gutscheincodesonline.de\/uber-uns\/","url":"https:\/\/gutscheincodesonline.de\/uber-uns\/","name":"\u00dcber uns || gutscheincodesonline.de Rabatt\u2713100% verifiziert\u27132024","isPartOf":{"@id":"https:\/\/gutscheincodesonline.de\/#website"},"datePublished":"2023-08-23T18:55:01+00:00","dateModified":"2025-05-28T21:26:02+00:00","description":"\u00dcber uns \u2b50 gutscheincodesonline.de Rabatt \u2702 gutscheincodesonline || Kostenloser Versand \u2713 2024 \u2713 Einl\u00f6sbar\u2713 100% verifiziert","breadcrumb":{"@id":"https:\/\/gutscheincodesonline.de\/uber-uns\/#breadcrumb"},"inLanguage":"en-US","potentialAction":[{"@type":"ReadAction","target":["https:\/\/gutscheincodesonline.de\/uber-uns\/"]}]},{"@type":"BreadcrumbList","@id":"https:\/\/gutscheincodesonline.de\/uber-uns\/#breadcrumb","itemListElement":[{"@type":"ListItem","position":1,"name":"Home","item":"https:\/\/gutscheincodesonline.de\/"},{"@type":"ListItem","position":2,"name":"\u00dcber Gutscheincodesonline.de"}]},{"@type":"WebSite","@id":"https:\/\/gutscheincodesonline.de\/#website","url":"https:\/\/gutscheincodesonline.de\/","name":"Gutschein Code","description":"Online","publisher":{"@id":"https:\/\/gutscheincodesonline.de\/#organization"},"potentialAction":[{"@type":"SearchAction","target":{"@type":"EntryPoint","urlTemplate":"https:\/\/gutscheincodesonline.de\/?s={search_term_string}"},"query-input":{"@type":"PropertyValueSpecification","valueRequired":true,"valueName":"search_term_string"}}],"inLanguage":"en-US"},{"@type":"Organization","@id":"https:\/\/gutscheincodesonline.de\/#organization","name":"Gutschein Code","url":"https:\/\/gutscheincodesonline.de\/","logo":{"@type":"ImageObject","inLanguage":"en-US","@id":"https:\/\/gutscheincodesonline.de\/#\/schema\/logo\/image\/","url":"https:\/\/gutscheincodesonline.de\/wp-content\/uploads\/2024\/04\/lgog_6-removebg-preview.png","contentUrl":"https:\/\/gutscheincodesonline.de\/wp-content\/uploads\/2024\/04\/lgog_6-removebg-preview.png","width":725,"height":189,"caption":"Gutschein Code"},"image":{"@id":"https:\/\/gutscheincodesonline.de\/#\/schema\/logo\/image\/"}}]}},"_links":{"self":[{"href":"https:\/\/gutscheincodesonline.de\/en\/wp-json\/wp\/v2\/pages\/1223","targetHints":{"allow":["GET"]}}],"collection":[{"href":"https:\/\/gutscheincodesonline.de\/en\/wp-json\/wp\/v2\/pages"}],"about":[{"href":"https:\/\/gutscheincodesonline.de\/en\/wp-json\/wp\/v2\/types\/page"}],"author":[{"embeddable":true,"href":"https:\/\/gutscheincodesonline.de\/en\/wp-json\/wp\/v2\/users\/6"}],"replies":[{"embeddable":true,"href":"https:\/\/gutscheincodesonline.de\/en\/wp-json\/wp\/v2\/comments?post=1223"}],"version-history":[{"count":17,"href":"https:\/\/gutscheincodesonline.de\/en\/wp-json\/wp\/v2\/pages\/1223\/revisions"}],"predecessor-version":[{"id":4894,"href":"https:\/\/gutscheincodesonline.de\/en\/wp-json\/wp\/v2\/pages\/1223\/revisions\/4894"}],"wp:attachment":[{"href":"https:\/\/gutscheincodesonline.de\/en\/wp-json\/wp\/v2\/media?parent=1223"}],"curies":[{"name":"wp","href":"https:\/\/api.w.org\/{rel}","templated":true}]}}